{"id":17,"date":"2025-03-24T10:55:02","date_gmt":"2025-03-24T10:55:02","guid":{"rendered":"https:\/\/awesome-chebyshev.92-119-49-55.plesk.page\/?page_id=17"},"modified":"2025-08-26T08:01:46","modified_gmt":"2025-08-26T08:01:46","slug":"come-muoversi","status":"publish","type":"page","link":"https:\/\/awesome-chebyshev.92-119-49-55.plesk.page\/index.php\/come-muoversi\/","title":{"rendered":"Come Muoversi"},"content":{"rendered":"\t\t<div data-elementor-type=\"wp-page\" data-elementor-id=\"17\" class=\"elementor elementor-17\" data-elementor-post-type=\"page\">\n\t\t\t\t<div class=\"elementor-element elementor-element-ef49b83 e-con-full e-flex e-con e-parent\" data-id=\"ef49b83\" data-element_type=\"container\" data-settings=\"{&quot;background_background&quot;:&quot;classic&quot;,&quot;background_motion_fx_motion_fx_scrolling&quot;:&quot;yes&quot;,&quot;background_motion_fx_translateY_effect&quot;:&quot;yes&quot;,&quot;background_motion_fx_translateY_speed&quot;:{&quot;unit&quot;:&quot;px&quot;,&quot;size&quot;:4,&quot;sizes&quot;:[]},&quot;background_motion_fx_translateY_affectedRange&quot;:{&quot;unit&quot;:&quot;%&quot;,&quot;size&quot;:&quot;&quot;,&quot;sizes&quot;:{&quot;start&quot;:0,&quot;end&quot;:100}},&quot;background_motion_fx_devices&quot;:[&quot;desktop&quot;,&quot;tablet&quot;,&quot;mobile&quot;]}\">\n\t\t<div class=\"elementor-element elementor-element-6c69511 e-flex e-con-boxed e-con e-child\" data-id=\"6c69511\" data-element_type=\"container\">\n\t\t\t\t\t<div class=\"e-con-inner\">\n\t\t\t\t<div class=\"elementor-element elementor-element-8595f95 elementor-widget elementor-widget-heading\" data-id=\"8595f95\" data-element_type=\"widget\" data-widget_type=\"heading.default\">\n\t\t\t\t<div class=\"elementor-widget-container\">\n\t\t\t\t\t<h1 class=\"elementor-heading-title elementor-size-default\">COME MUOVERSI A TORINO<\/h1>\t\t\t\t<\/div>\n\t\t\t\t<\/div>\n\t\t\t\t\t<\/div>\n\t\t\t\t<\/div>\n\t\t\t\t<\/div>\n\t\t<div class=\"elementor-element elementor-element-9dcfefe e-con-full e-flex e-con e-parent\" data-id=\"9dcfefe\" data-element_type=\"container\" id=\"mezzi\" data-settings=\"{&quot;background_background&quot;:&quot;classic&quot;}\">\n\t\t<div class=\"elementor-element elementor-element-92e0b89 e-con-full e-flex e-con e-child\" data-id=\"92e0b89\" data-element_type=\"container\">\n\t\t<div class=\"elementor-element elementor-element-e08b916 e-con-full e-flex e-con e-child\" data-id=\"e08b916\" data-element_type=\"container\">\n\t\t<div class=\"elementor-element elementor-element-d8ec9f0 e-con-full e-flex e-con e-child\" data-id=\"d8ec9f0\" data-element_type=\"container\">\n\t\t\t\t<div class=\"elementor-element elementor-element-a145a72 elementor-widget elementor-widget-image\" data-id=\"a145a72\" data-element_type=\"widget\" data-widget_type=\"image.default\">\n\t\t\t\t<div class=\"elementor-widget-container\">\n\t\t\t\t\t\t\t\t\t\t\t\t\t\t\t<img fetchpriority=\"high\" decoding=\"async\" width=\"800\" height=\"455\" src=\"https:\/\/awesome-chebyshev.92-119-49-55.plesk.page\/wp-content\/uploads\/2025\/04\/Tram-1024x583.webp\" class=\"attachment-large size-large wp-image-403\" alt=\"\" srcset=\"https:\/\/awesome-chebyshev.92-119-49-55.plesk.page\/wp-content\/uploads\/2025\/04\/Tram-1024x583.webp 1024w, https:\/\/awesome-chebyshev.92-119-49-55.plesk.page\/wp-content\/uploads\/2025\/04\/Tram-300x171.webp 300w, https:\/\/awesome-chebyshev.92-119-49-55.plesk.page\/wp-content\/uploads\/2025\/04\/Tram-768x437.webp 768w, https:\/\/awesome-chebyshev.92-119-49-55.plesk.page\/wp-content\/uploads\/2025\/04\/Tram-1536x874.webp 1536w, https:\/\/awesome-chebyshev.92-119-49-55.plesk.page\/wp-content\/uploads\/2025\/04\/Tram-2048x1165.webp 2048w\" sizes=\"(max-width: 800px) 100vw, 800px\" \/>\t\t\t\t\t\t\t\t\t\t\t\t\t\t\t<\/div>\n\t\t\t\t<\/div>\n\t\t\t\t<\/div>\n\t\t<div class=\"elementor-element elementor-element-be9d6cf e-con-full e-flex e-con e-child\" data-id=\"be9d6cf\" data-element_type=\"container\" data-settings=\"{&quot;background_background&quot;:&quot;classic&quot;}\">\n\t\t<div class=\"elementor-element elementor-element-1b6680f e-con-full e-flex e-con e-child\" data-id=\"1b6680f\" data-element_type=\"container\" data-settings=\"{&quot;background_background&quot;:&quot;classic&quot;}\">\n\t\t\t\t<div class=\"elementor-element elementor-element-0d7e742 elementor-widget elementor-widget-heading\" data-id=\"0d7e742\" data-element_type=\"widget\" data-widget_type=\"heading.default\">\n\t\t\t\t<div class=\"elementor-widget-container\">\n\t\t\t\t\t<h2 class=\"elementor-heading-title elementor-size-default\">Mezzi Pubblici<\/h2>\t\t\t\t<\/div>\n\t\t\t\t<\/div>\n\t\t\t\t<div class=\"elementor-element elementor-element-03753de elementor-widget elementor-widget-text-editor\" data-id=\"03753de\" data-element_type=\"widget\" data-widget_type=\"text-editor.default\">\n\t\t\t\t<div class=\"elementor-widget-container\">\n\t\t\t\t\t\t\t\t\t<p>La rete di trasporti pubblici di Torino, gestita da GTT, \u00e8 capillare e ben organizzata.<\/p><ul><li>Tram e autobus collegano comodamente ogni zona della citt\u00e0.<\/li><li>La metropolitana, moderna e veloce, \u00e8 il modo pi\u00f9 rapido per spostarsi tra il centro e le principali stazioni ferroviarie.<\/li><\/ul>\t\t\t\t\t\t\t\t<\/div>\n\t\t\t\t<\/div>\n\t\t\t\t<div class=\"elementor-element elementor-element-9b2b561 elementor-widget elementor-widget-heading\" data-id=\"9b2b561\" data-element_type=\"widget\" data-widget_type=\"heading.default\">\n\t\t\t\t<div class=\"elementor-widget-container\">\n\t\t\t\t\t<h2 class=\"elementor-heading-title elementor-size-default\">Biglietti disponibili nelle edicole,tabaccherie e tramite l\u2019App GTT. <\/h2>\t\t\t\t<\/div>\n\t\t\t\t<\/div>\n\t\t\t\t<div class=\"elementor-element elementor-element-eaa816e elementor-align-left elementor-widget elementor-widget-button\" data-id=\"eaa816e\" data-element_type=\"widget\" data-widget_type=\"button.default\">\n\t\t\t\t<div class=\"elementor-widget-container\">\n\t\t\t\t\t\t\t\t\t<div class=\"elementor-button-wrapper\">\n\t\t\t\t\t<a class=\"elementor-button elementor-button-link elementor-size-sm\" href=\"https:\/\/www.gtt.to.it\/cms\/app\" target=\"_blank\">\n\t\t\t\t\t\t<span class=\"elementor-button-content-wrapper\">\n\t\t\t\t\t\t\t\t\t<span class=\"elementor-button-text\">Scopri<\/span>\n\t\t\t\t\t<\/span>\n\t\t\t\t\t<\/a>\n\t\t\t\t<\/div>\n\t\t\t\t\t\t\t\t<\/div>\n\t\t\t\t<\/div>\n\t\t\t\t<\/div>\n\t\t\t\t<\/div>\n\t\t\t\t<\/div>\n\t\t\t\t<\/div>\n\t\t\t\t<\/div>\n\t\t<div class=\"elementor-element elementor-element-d9819a4 e-con-full e-flex e-con e-parent\" data-id=\"d9819a4\" data-element_type=\"container\" id=\"car_sharing\" data-settings=\"{&quot;background_background&quot;:&quot;classic&quot;}\">\n\t\t<div class=\"elementor-element elementor-element-be69cda e-con-full e-flex e-con e-child\" data-id=\"be69cda\" data-element_type=\"container\">\n\t\t<div class=\"elementor-element elementor-element-5e8e0b7 e-con-full e-flex e-con e-child\" data-id=\"5e8e0b7\" data-element_type=\"container\">\n\t\t<div class=\"elementor-element elementor-element-78a1ed8 e-con-full e-flex e-con e-child\" data-id=\"78a1ed8\" data-element_type=\"container\">\n\t\t\t\t<div class=\"elementor-element elementor-element-2e2d223 elementor-widget elementor-widget-image\" data-id=\"2e2d223\" data-element_type=\"widget\" data-widget_type=\"image.default\">\n\t\t\t\t<div class=\"elementor-widget-container\">\n\t\t\t\t\t\t\t\t\t\t\t\t\t\t\t<img decoding=\"async\" width=\"800\" height=\"480\" src=\"https:\/\/awesome-chebyshev.92-119-49-55.plesk.page\/wp-content\/uploads\/2025\/04\/sharenow.jpg\" class=\"attachment-large size-large wp-image-400\" alt=\"\" srcset=\"https:\/\/awesome-chebyshev.92-119-49-55.plesk.page\/wp-content\/uploads\/2025\/04\/sharenow.jpg 1000w, https:\/\/awesome-chebyshev.92-119-49-55.plesk.page\/wp-content\/uploads\/2025\/04\/sharenow-300x180.jpg 300w, https:\/\/awesome-chebyshev.92-119-49-55.plesk.page\/wp-content\/uploads\/2025\/04\/sharenow-768x461.jpg 768w\" sizes=\"(max-width: 800px) 100vw, 800px\" \/>\t\t\t\t\t\t\t\t\t\t\t\t\t\t\t<\/div>\n\t\t\t\t<\/div>\n\t\t\t\t<\/div>\n\t\t<div class=\"elementor-element elementor-element-7e0037b e-con-full e-flex e-con e-child\" data-id=\"7e0037b\" data-element_type=\"container\" data-settings=\"{&quot;background_background&quot;:&quot;classic&quot;}\">\n\t\t<div class=\"elementor-element elementor-element-c51f020 e-con-full e-flex e-con e-child\" data-id=\"c51f020\" data-element_type=\"container\" data-settings=\"{&quot;background_background&quot;:&quot;classic&quot;}\">\n\t\t\t\t<div class=\"elementor-element elementor-element-81c3ca3 elementor-widget elementor-widget-heading\" data-id=\"81c3ca3\" data-element_type=\"widget\" data-widget_type=\"heading.default\">\n\t\t\t\t<div class=\"elementor-widget-container\">\n\t\t\t\t\t<h2 class=\"elementor-heading-title elementor-size-default\">Car Sharing<\/h2>\t\t\t\t<\/div>\n\t\t\t\t<\/div>\n\t\t\t\t<div class=\"elementor-element elementor-element-588695a elementor-widget elementor-widget-text-editor\" data-id=\"588695a\" data-element_type=\"widget\" data-widget_type=\"text-editor.default\">\n\t\t\t\t<div class=\"elementor-widget-container\">\n\t\t\t\t\t\t\t\t\t<p>Per chi desidera maggiore libert\u00e0 di movimento, Torino offre servizi di car sharing con parcheggio libero in citt\u00e0. Perfetto per esplorare senza vincoli di orari!<\/p>\t\t\t\t\t\t\t\t<\/div>\n\t\t\t\t<\/div>\n\t\t\t\t<div class=\"elementor-element elementor-element-a38eea4 elementor-align-left elementor-widget elementor-widget-button\" data-id=\"a38eea4\" data-element_type=\"widget\" data-widget_type=\"button.default\">\n\t\t\t\t<div class=\"elementor-widget-container\">\n\t\t\t\t\t\t\t\t\t<div class=\"elementor-button-wrapper\">\n\t\t\t\t\t<a class=\"elementor-button elementor-button-link elementor-size-sm\" href=\"http:\/\/www.comune.torino.it\/torinogiovani\/vivere-a-torino\/car-sharing-a-torino\" target=\"_blank\">\n\t\t\t\t\t\t<span class=\"elementor-button-content-wrapper\">\n\t\t\t\t\t\t\t\t\t<span class=\"elementor-button-text\">Scopri<\/span>\n\t\t\t\t\t<\/span>\n\t\t\t\t\t<\/a>\n\t\t\t\t<\/div>\n\t\t\t\t\t\t\t\t<\/div>\n\t\t\t\t<\/div>\n\t\t\t\t<\/div>\n\t\t\t\t<\/div>\n\t\t\t\t<\/div>\n\t\t\t\t<\/div>\n\t\t\t\t<\/div>\n\t\t<div class=\"elementor-element elementor-element-635702f e-con-full e-flex e-con e-parent\" data-id=\"635702f\" data-element_type=\"container\" data-settings=\"{&quot;background_background&quot;:&quot;classic&quot;}\">\n\t\t<div class=\"elementor-element elementor-element-2c9333b e-con-full e-flex e-con e-child\" data-id=\"2c9333b\" data-element_type=\"container\">\n\t\t<div class=\"elementor-element elementor-element-443595a e-con-full e-flex e-con e-child\" data-id=\"443595a\" data-element_type=\"container\">\n\t\t<div class=\"elementor-element elementor-element-39f2731 e-con-full e-flex e-con e-child\" data-id=\"39f2731\" data-element_type=\"container\">\n\t\t\t\t<div class=\"elementor-element elementor-element-717189d elementor-widget elementor-widget-image\" data-id=\"717189d\" data-element_type=\"widget\" data-widget_type=\"image.default\">\n\t\t\t\t<div class=\"elementor-widget-container\">\n\t\t\t\t\t\t\t\t\t\t\t\t\t\t\t<img decoding=\"async\" width=\"800\" height=\"505\" src=\"https:\/\/awesome-chebyshev.92-119-49-55.plesk.page\/wp-content\/uploads\/2025\/04\/taxi-1024x647.webp\" class=\"attachment-large size-large wp-image-401\" alt=\"\" srcset=\"https:\/\/awesome-chebyshev.92-119-49-55.plesk.page\/wp-content\/uploads\/2025\/04\/taxi-1024x647.webp 1024w, https:\/\/awesome-chebyshev.92-119-49-55.plesk.page\/wp-content\/uploads\/2025\/04\/taxi-300x189.webp 300w, https:\/\/awesome-chebyshev.92-119-49-55.plesk.page\/wp-content\/uploads\/2025\/04\/taxi-768x485.webp 768w, https:\/\/awesome-chebyshev.92-119-49-55.plesk.page\/wp-content\/uploads\/2025\/04\/taxi.webp 1400w\" sizes=\"(max-width: 800px) 100vw, 800px\" \/>\t\t\t\t\t\t\t\t\t\t\t\t\t\t\t<\/div>\n\t\t\t\t<\/div>\n\t\t\t\t<\/div>\n\t\t<div class=\"elementor-element elementor-element-0907ff3 e-con-full e-flex e-con e-child\" data-id=\"0907ff3\" data-element_type=\"container\" data-settings=\"{&quot;background_background&quot;:&quot;classic&quot;}\">\n\t\t<div class=\"elementor-element elementor-element-58db475 e-con-full e-flex e-con e-child\" data-id=\"58db475\" data-element_type=\"container\" data-settings=\"{&quot;background_background&quot;:&quot;classic&quot;}\">\n\t\t\t\t<div class=\"elementor-element elementor-element-6455359 elementor-widget elementor-widget-heading\" data-id=\"6455359\" data-element_type=\"widget\" data-widget_type=\"heading.default\">\n\t\t\t\t<div class=\"elementor-widget-container\">\n\t\t\t\t\t<h2 class=\"elementor-heading-title elementor-size-default\">Taxi<\/h2>\t\t\t\t<\/div>\n\t\t\t\t<\/div>\n\t\t\t\t<div class=\"elementor-element elementor-element-353caaf elementor-widget elementor-widget-text-editor\" data-id=\"353caaf\" data-element_type=\"widget\" data-widget_type=\"text-editor.default\">\n\t\t\t\t<div class=\"elementor-widget-container\">\n\t\t\t\t\t\t\t\t\t<p>Se preferisci un trasporto diretto e veloce, i taxi sono facilmente reperibili nelle principali piazze, stazioni e aeroporti.<\/p>\t\t\t\t\t\t\t\t<\/div>\n\t\t\t\t<\/div>\n\t\t\t\t<div class=\"elementor-element elementor-element-dc150a0 elementor-widget elementor-widget-heading\" data-id=\"dc150a0\" data-element_type=\"widget\" data-widget_type=\"heading.default\">\n\t\t\t\t<div class=\"elementor-widget-container\">\n\t\t\t\t\t<h2 class=\"elementor-heading-title elementor-size-default\">Puoi prenotare una corsa tramite app o chiamando i numeri dedicati.<\/h2>\t\t\t\t<\/div>\n\t\t\t\t<\/div>\n\t\t\t\t<div class=\"elementor-element elementor-element-92f36ec elementor-align-left elementor-widget elementor-widget-button\" data-id=\"92f36ec\" data-element_type=\"widget\" data-widget_type=\"button.default\">\n\t\t\t\t<div class=\"elementor-widget-container\">\n\t\t\t\t\t\t\t\t\t<div class=\"elementor-button-wrapper\">\n\t\t\t\t\t<a class=\"elementor-button elementor-button-link elementor-size-sm\" href=\"https:\/\/wetaxi.it\/\" target=\"_blank\">\n\t\t\t\t\t\t<span class=\"elementor-button-content-wrapper\">\n\t\t\t\t\t\t\t\t\t<span class=\"elementor-button-text\">Scopri<\/span>\n\t\t\t\t\t<\/span>\n\t\t\t\t\t<\/a>\n\t\t\t\t<\/div>\n\t\t\t\t\t\t\t\t<\/div>\n\t\t\t\t<\/div>\n\t\t\t\t<\/div>\n\t\t\t\t<\/div>\n\t\t\t\t<\/div>\n\t\t\t\t<\/div>\n\t\t\t\t<\/div>\n\t\t<div class=\"elementor-element elementor-element-19c5962 e-con-full e-flex e-con e-parent\" data-id=\"19c5962\" data-element_type=\"container\" data-settings=\"{&quot;background_background&quot;:&quot;classic&quot;}\">\n\t\t<div class=\"elementor-element elementor-element-38998e9 e-con-full e-flex e-con e-child\" data-id=\"38998e9\" data-element_type=\"container\">\n\t\t<div class=\"elementor-element elementor-element-f5844b3 e-con-full e-flex e-con e-child\" data-id=\"f5844b3\" data-element_type=\"container\">\n\t\t<div class=\"elementor-element elementor-element-5f62f09 e-con-full e-flex e-con e-child\" data-id=\"5f62f09\" data-element_type=\"container\">\n\t\t\t\t<div class=\"elementor-element elementor-element-6ee743f elementor-widget elementor-widget-image\" data-id=\"6ee743f\" data-element_type=\"widget\" data-widget_type=\"image.default\">\n\t\t\t\t<div class=\"elementor-widget-container\">\n\t\t\t\t\t\t\t\t\t\t\t\t\t\t\t<img loading=\"lazy\" decoding=\"async\" width=\"800\" height=\"505\" src=\"https:\/\/awesome-chebyshev.92-119-49-55.plesk.page\/wp-content\/uploads\/2025\/04\/mobilita-sostenibile-1024x647.webp\" class=\"attachment-large size-large wp-image-399\" alt=\"\" srcset=\"https:\/\/awesome-chebyshev.92-119-49-55.plesk.page\/wp-content\/uploads\/2025\/04\/mobilita-sostenibile-1024x647.webp 1024w, https:\/\/awesome-chebyshev.92-119-49-55.plesk.page\/wp-content\/uploads\/2025\/04\/mobilita-sostenibile-300x190.webp 300w, https:\/\/awesome-chebyshev.92-119-49-55.plesk.page\/wp-content\/uploads\/2025\/04\/mobilita-sostenibile-768x485.webp 768w, https:\/\/awesome-chebyshev.92-119-49-55.plesk.page\/wp-content\/uploads\/2025\/04\/mobilita-sostenibile.webp 1200w\" sizes=\"(max-width: 800px) 100vw, 800px\" \/>\t\t\t\t\t\t\t\t\t\t\t\t\t\t\t<\/div>\n\t\t\t\t<\/div>\n\t\t\t\t<\/div>\n\t\t<div class=\"elementor-element elementor-element-19c6b4d e-con-full e-flex e-con e-child\" data-id=\"19c6b4d\" data-element_type=\"container\" data-settings=\"{&quot;background_background&quot;:&quot;classic&quot;}\">\n\t\t<div class=\"elementor-element elementor-element-e263cea e-con-full e-flex e-con e-child\" data-id=\"e263cea\" data-element_type=\"container\" data-settings=\"{&quot;background_background&quot;:&quot;classic&quot;}\">\n\t\t\t\t<div class=\"elementor-element elementor-element-f4bce22 elementor-widget elementor-widget-heading\" data-id=\"f4bce22\" data-element_type=\"widget\" data-widget_type=\"heading.default\">\n\t\t\t\t<div class=\"elementor-widget-container\">\n\t\t\t\t\t<h2 class=\"elementor-heading-title elementor-size-default\">Mobilit\u00e0 sostenibile<\/h2>\t\t\t\t<\/div>\n\t\t\t\t<\/div>\n\t\t\t\t<div class=\"elementor-element elementor-element-b2de3d2 elementor-widget elementor-widget-text-editor\" data-id=\"b2de3d2\" data-element_type=\"widget\" data-widget_type=\"text-editor.default\">\n\t\t\t\t<div class=\"elementor-widget-container\">\n\t\t\t\t\t\t\t\t\t<p>Vuoi goderti Torino in modo green?<\/p><ul><li>Bike sharing: con stazioni sparse per tutta la citt\u00e0, \u00e8 un modo ecologico e divertente per esplorare Torino.<\/li><li>Monopattini elettrici: pratici e veloci, perfetti per brevi spostamenti nel centro storico.<\/li><\/ul>\t\t\t\t\t\t\t\t<\/div>\n\t\t\t\t<\/div>\n\t\t\t\t<div class=\"elementor-element elementor-element-67e8a1e elementor-align-left elementor-widget elementor-widget-button\" data-id=\"67e8a1e\" data-element_type=\"widget\" data-widget_type=\"button.default\">\n\t\t\t\t<div class=\"elementor-widget-container\">\n\t\t\t\t\t\t\t\t\t<div class=\"elementor-button-wrapper\">\n\t\t\t\t\t<a class=\"elementor-button elementor-button-link elementor-size-sm\" href=\"https:\/\/turismotorino.org\/it\/visita\/pianifica-la-tua-visita\/come-muoversi\/noleggio-monopattini-e-scooter-a-torino\" target=\"_blank\">\n\t\t\t\t\t\t<span class=\"elementor-button-content-wrapper\">\n\t\t\t\t\t\t\t\t\t<span class=\"elementor-button-text\">Scopri<\/span>\n\t\t\t\t\t<\/span>\n\t\t\t\t\t<\/a>\n\t\t\t\t<\/div>\n\t\t\t\t\t\t\t\t<\/div>\n\t\t\t\t<\/div>\n\t\t\t\t<div class=\"elementor-element elementor-element-a1dab23 elementor-widget elementor-widget-text-editor\" data-id=\"a1dab23\" data-element_type=\"widget\" data-widget_type=\"text-editor.default\">\n\t\t\t\t<div class=\"elementor-widget-container\">\n\t\t\t\t\t\t\t\t\t<p>A piedi: molte delle principali attrazioni di Torino si trovano a breve distanza l\u2019una dall\u2019altra. Passeggiare tra i suoi portici storici \u00e8 il modo migliore per assaporarne l\u2019atmosfera unica.<\/p>\t\t\t\t\t\t\t\t<\/div>\n\t\t\t\t<\/div>\n\t\t\t\t<\/div>\n\t\t\t\t<\/div>\n\t\t\t\t<\/div>\n\t\t\t\t<\/div>\n\t\t\t\t<\/div>\n\t\t\t\t<\/div>\n\t\t","protected":false},"excerpt":{"rendered":"<p>COME MUOVERSI A TORINO Mezzi Pubblici La rete di trasporti pubblici di Torino, gestita da GTT, \u00e8 capillare e ben organizzata. Tram e autobus collegano comodamente ogni zona della citt\u00e0. La metropolitana, moderna e veloce, \u00e8 il modo pi\u00f9 rapido per spostarsi tra il centro e le principali stazioni ferroviarie. Biglietti disponibili nelle edicole,tabaccherie e [&hellip;]<\/p>\n","protected":false},"author":2,"featured_media":0,"parent":0,"menu_order":0,"comment_status":"closed","ping_status":"closed","template":"","meta":{"footnotes":""},"class_list":["post-17","page","type-page","status-publish","hentry"],"_links":{"self":[{"href":"https:\/\/awesome-chebyshev.92-119-49-55.plesk.page\/index.php\/wp-json\/wp\/v2\/pages\/17","targetHints":{"allow":["GET"]}}],"collection":[{"href":"https:\/\/awesome-chebyshev.92-119-49-55.plesk.page\/index.php\/wp-json\/wp\/v2\/pages"}],"about":[{"href":"https:\/\/awesome-chebyshev.92-119-49-55.plesk.page\/index.php\/wp-json\/wp\/v2\/types\/page"}],"author":[{"embeddable":true,"href":"https:\/\/awesome-chebyshev.92-119-49-55.plesk.page\/index.php\/wp-json\/wp\/v2\/users\/2"}],"replies":[{"embeddable":true,"href":"https:\/\/awesome-chebyshev.92-119-49-55.plesk.page\/index.php\/wp-json\/wp\/v2\/comments?post=17"}],"version-history":[{"count":43,"href":"https:\/\/awesome-chebyshev.92-119-49-55.plesk.page\/index.php\/wp-json\/wp\/v2\/pages\/17\/revisions"}],"predecessor-version":[{"id":1174,"href":"https:\/\/awesome-chebyshev.92-119-49-55.plesk.page\/index.php\/wp-json\/wp\/v2\/pages\/17\/revisions\/1174"}],"wp:attachment":[{"href":"https:\/\/awesome-chebyshev.92-119-49-55.plesk.page\/index.php\/wp-json\/wp\/v2\/media?parent=17"}],"curies":[{"name":"wp","href":"https:\/\/api.w.org\/{rel}","templated":true}]}}